{"id":17619,"date":"2024-02-16T09:45:27","date_gmt":"2024-02-16T07:45:27","guid":{"rendered":"https:\/\/apexone.pl\/?post_type=product&#038;p=17619"},"modified":"2024-02-16T09:51:46","modified_gmt":"2024-02-16T07:51:46","slug":"cube-controls-f-core","status":"publish","type":"product","link":"https:\/\/apexone.pl\/en\/produkt\/cube-controls-f-core\/","title":{"rendered":"Cube Controls F-CORE"},"content":{"rendered":"<p>Uwolnij sw\u00f3j talent z F-CORE. Ta kierownica ma wszystko, czego potrzebujesz, aby cieszy\u0107 si\u0119 pi\u0119knem wy\u015bcig\u00f3w i wyj\u0105tkowymi wra\u017ceniami z jazdy. Wyposa\u017cona w magnetyczne po\u0142\u0105czenie Q-CONN i podw\u00f3jny tryb USB\/Bluetooth. Zbudowana z mocnej p\u0142yty przedniej z w\u0142\u00f3kna w\u0119glowego i solidnej elektroniki. Spersonalizuj sw\u00f3j F-CORE! Ze sprz\u0119g\u0142ami lub bez, masz nawet dwa warianty d\u017awigni zmiany bieg\u00f3w do wyboru: ze wzmocnionego polimeru w\u0119glowego (ultralekki i wszechstronny) lub w pe\u0142ni aluminiowy (z ostrym wyczuciem!). Hub jest dost\u0119pny osobno.<\/p>\n","protected":false},"excerpt":{"rendered":"<p>[fusion_builder_column align_self=\"auto\" content_layout=\"column\" align_content=\"flex-start\" valign_content=\"flex-start\" content_wrap=\"wrap\" spacing=\"\" center_content=\"no\" column_tag=\"div\" link=\"\" target=\"_self\" link_description=\"\" min_height=\"\" hide_on_mobile=\"small-visibility,medium-visibility,large-visibility\" sticky_display=\"normal,sticky\" class=\"\" id=\"\" type_medium=\"\" type_small=\"\" type=\"1_2\" flex_grow_medium=\"\" flex_grow_small=\"\" flex_grow=\"\" flex_shrink_medium=\"\" flex_shrink_small=\"\" flex_shrink=\"\" order_medium=\"0\" order_small=\"0\" dimension_spacing_medium=\"\" dimension_spacing_small=\"\" dimension_margin_medium=\"\" dimension_margin_small=\"\" padding_medium=\"\" padding_small=\"\" hover_type=\"none\" border_sizes=\"\" border_color_hover=\"\" border_color=\"\" border_style=\"solid\" box_shadow=\"no\" box_shadow_blur=\"0\" box_shadow_spread=\"0\" box_shadow_color=\"\" box_shadow_style=\"\" z_index_hover=\"\" z_index=\"\" overflow=\"\" background_color_medium=\"\" background_color_small=\"\" background_color_medium_hover=\"\" background_color_small_hover=\"\" background_color_hover=\"\" background_color=\"\" gradient_start_color=\"\" gradient_end_color=\"\" gradient_start_position=\"0\" gradient_end_position=\"100\" gradient_type=\"linear\" radial_direction=\"center center\" linear_angle=\"180\" background_image_medium=\"\" background_image_small=\"\" background_image=\"\" background_image_id_medium=\"\" background_image_id_small=\"\" background_image_id=\"\" skip_lazy_load=\"\" background_position_medium=\"\" background_position_small=\"\" background_position=\"left top\" background_repeat_medium=\"\" background_repeat_small=\"\" background_repeat=\"no-repeat\" background_size_medium=\"\" background_size_small=\"\" background_size=\"\" background_custom_size=\"\" background_custom_size_medium=\"\" background_custom_size_small=\"\" background_blend_mode_medium=\"\" background_blend_mode_small=\"\" background_blend_mode=\"none\" background_slider_images=\"\" background_slider_position=\"\" background_slider_skip_lazy_loading=\"no\" background_slider_loop=\"yes\" background_slider_pause_on_hover=\"no\" background_slider_slideshow_speed=\"5000\" background_slider_animation=\"fade\" background_slider_direction=\"up\" background_slider_animation_speed=\"800\" background_slider_blend_mode=\"\" render_logics=\"\" sticky=\"off\" sticky_devices=\"small-visibility,medium-visibility,large-visibility\" sticky_offset=\"\" absolute=\"off\" filter_hover_element=\"self\" filter_hue=\"0\" filter_saturation=\"100\" filter_brightness=\"100\" filter_contrast=\"100\" filter_invert=\"0\" filter_sepia=\"0\" filter_opacity=\"100\" filter_blur=\"0\" filter_hue_hover=\"0\" filter_saturation_hover=\"100\" filter_brightness_hover=\"100\" filter_contrast_hover=\"100\" filter_invert_hover=\"0\" filter_sepia_hover=\"0\" filter_opacity_hover=\"100\" filter_blur_hover=\"0\" transform_hover_element=\"self\" transform_scale_x=\"1\" transform_scale_y=\"1\" transform_translate_x=\"0\" transform_translate_y=\"0\" transform_rotate=\"0\" transform_skew_x=\"0\" transform_skew_y=\"0\" transform_scale_x_hover=\"1\" transform_scale_y_hover=\"1\" transform_translate_x_hover=\"0\" transform_translate_y_hover=\"0\" transform_rotate_hover=\"0\" transform_skew_x_hover=\"0\" transform_skew_y_hover=\"0\" transform_origin=\"\" transition_duration=\"300\" transition_easing=\"ease\" transition_custom_easing=\"\" motion_effects=\"\" scroll_motion_devices=\"small-visibility,medium-visibility,large-visibility\" animation_type=\"\" animation_direction=\"left\" animation_color=\"\" animation_speed=\"0.3\" animation_delay=\"0\" animation_offset=\"\"][\/fusion_builder_column][fusion_builder_column align_self=\"auto\" content_layout=\"column\" align_content=\"flex-start\" valign_content=\"flex-start\" content_wrap=\"wrap\" spacing=\"\" center_content=\"no\" column_tag=\"div\" link=\"\" target=\"_self\" link_description=\"\" min_height=\"\" hide_on_mobile=\"small-visibility,medium-visibility,large-visibility\" sticky_display=\"normal,sticky\" class=\"\" id=\"\" type_medium=\"\" type_small=\"\" type=\"1_2\" flex_grow_medium=\"\" flex_grow_small=\"\" flex_grow=\"\" flex_shrink_medium=\"\" flex_shrink_small=\"\" flex_shrink=\"\" order_medium=\"0\" order_small=\"0\" dimension_spacing_medium=\"\" dimension_spacing_small=\"\" dimension_margin_medium=\"\" dimension_margin_small=\"\" padding_medium=\"\" padding_small=\"\" hover_type=\"none\" border_sizes=\"\" border_color_hover=\"\" border_color=\"\" border_style=\"solid\" box_shadow=\"no\" box_shadow_blur=\"0\" box_shadow_spread=\"0\" box_shadow_color=\"\" box_shadow_style=\"\" z_index_hover=\"\" z_index=\"\" overflow=\"\" background_color_medium=\"\" background_color_small=\"\" background_color_medium_hover=\"\" background_color_small_hover=\"\" background_color_hover=\"\" background_color=\"\" gradient_start_color=\"\" gradient_end_color=\"\" gradient_start_position=\"0\" gradient_end_position=\"100\" gradient_type=\"linear\" radial_direction=\"center center\" linear_angle=\"180\" background_image_medium=\"\" background_image_small=\"\" background_image=\"\" background_image_id_medium=\"\" background_image_id_small=\"\" background_image_id=\"\" skip_lazy_load=\"\" background_position_medium=\"\" background_position_small=\"\" background_position=\"left top\" background_repeat_medium=\"\" background_repeat_small=\"\" background_repeat=\"no-repeat\" background_size_medium=\"\" background_size_small=\"\" background_size=\"\" background_custom_size=\"\" background_custom_size_medium=\"\" background_custom_size_small=\"\" background_blend_mode_medium=\"\" background_blend_mode_small=\"\" background_blend_mode=\"none\" background_slider_images=\"\" background_slider_position=\"\" background_slider_skip_lazy_loading=\"no\" background_slider_loop=\"yes\" background_slider_pause_on_hover=\"no\" background_slider_slideshow_speed=\"5000\" background_slider_animation=\"fade\" background_slider_direction=\"up\" background_slider_animation_speed=\"800\" background_slider_blend_mode=\"\" render_logics=\"\" sticky=\"off\" sticky_devices=\"small-visibility,medium-visibility,large-visibility\" sticky_offset=\"\" absolute=\"off\" filter_hover_element=\"self\" filter_hue=\"0\" filter_saturation=\"100\" filter_brightness=\"100\" filter_contrast=\"100\" filter_invert=\"0\" filter_sepia=\"0\" filter_opacity=\"100\" filter_blur=\"0\" filter_hue_hover=\"0\" filter_saturation_hover=\"100\" filter_brightness_hover=\"100\" filter_contrast_hover=\"100\" filter_invert_hover=\"0\" filter_sepia_hover=\"0\" filter_opacity_hover=\"100\" filter_blur_hover=\"0\" transform_hover_element=\"self\" transform_scale_x=\"1\" transform_scale_y=\"1\" transform_translate_x=\"0\" transform_translate_y=\"0\" transform_rotate=\"0\" transform_skew_x=\"0\" transform_skew_y=\"0\" transform_scale_x_hover=\"1\" transform_scale_y_hover=\"1\" transform_translate_x_hover=\"0\" transform_translate_y_hover=\"0\" transform_rotate_hover=\"0\" transform_skew_x_hover=\"0\" transform_skew_y_hover=\"0\" transform_origin=\"\" transition_duration=\"300\" transition_easing=\"ease\" transition_custom_easing=\"\" motion_effects=\"\" scroll_motion_devices=\"small-visibility,medium-visibility,large-visibility\" animation_type=\"\" animation_direction=\"left\" animation_color=\"\" animation_speed=\"0.3\" animation_delay=\"0\" animation_offset=\"\"][\/fusion_builder_column]<\/p>\n","protected":false},"featured_media":17624,"template":"","meta":[],"product_brand":[],"product_cat":[110],"product_tag":[],"class_list":{"0":"post-17619","1":"product","2":"type-product","3":"status-publish","4":"has-post-thumbnail","6":"product_cat-kierownice","8":"first","9":"instock","10":"taxable","11":"shipping-taxable","12":"purchasable","13":"product-type-variable"},"_links":{"self":[{"href":"https:\/\/apexone.pl\/en\/wp-json\/wp\/v2\/product\/17619"}],"collection":[{"href":"https:\/\/apexone.pl\/en\/wp-json\/wp\/v2\/product"}],"about":[{"href":"https:\/\/apexone.pl\/en\/wp-json\/wp\/v2\/types\/product"}],"wp:featuredmedia":[{"embeddable":true,"href":"https:\/\/apexone.pl\/en\/wp-json\/wp\/v2\/media\/17624"}],"wp:attachment":[{"href":"https:\/\/apexone.pl\/en\/wp-json\/wp\/v2\/media?parent=17619"}],"wp:term":[{"taxonomy":"product_brand","embeddable":true,"href":"https:\/\/apexone.pl\/en\/wp-json\/wp\/v2\/product_brand?post=17619"},{"taxonomy":"product_cat","embeddable":true,"href":"https:\/\/apexone.pl\/en\/wp-json\/wp\/v2\/product_cat?post=17619"},{"taxonomy":"product_tag","embeddable":true,"href":"https:\/\/apexone.pl\/en\/wp-json\/wp\/v2\/product_tag?post=17619"}],"curies":[{"name":"wp","href":"https:\/\/api.w.org\/{rel}","templated":true}]}}