{"id":17599,"date":"2024-02-15T16:30:59","date_gmt":"2024-02-15T14:30:59","guid":{"rendered":"https:\/\/apexone.pl\/?post_type=product&#038;p=17599"},"modified":"2024-02-15T20:27:42","modified_gmt":"2024-02-15T18:27:42","slug":"cube-controls-csx-3","status":"publish","type":"product","link":"https:\/\/apexone.pl\/en\/produkt\/cube-controls-csx-3\/","title":{"rendered":"Cube Controls CSX-3"},"content":{"rendered":"<h2 class=\"wp-block-heading\" data-sanitized-data-mce-fragment=\"1\">Najbardziej ukochana kierownica powraca z trzeci\u0105 ods\u0142on\u0105.<\/h2>\n<p id=\"block-4915ee26-bdb6-4e68-a2ba-58a1c0fb1710\" data-sanitized-data-mce-fragment=\"1\">CSX-3 zosta\u0142a zaprojektowana by dalej przesuwa\u0107 granice wra\u017ce\u0144 premium i spe\u0142nia\u0107 oczekiwania prawdziwych kierowc\u00f3w wy\u015bcigowych.<br data-sanitized-data-mce-fragment=\"1\" \/>Wyposa\u017cona jest w z\u0142\u0105cze Q-conn, konfigurowalne przyciski RGB LED, kolorowy dotykowy ekran LCD i ca\u0142kowicie odnowion\u0105 elektronik\u0119. P\u0142yta wykonana w 100% z czystego w\u0142\u00f3kna w\u0119glowego, korpus, pokr\u0119t\u0142a i joystick z aluminium CNC. Opcjonalny dodatkowy zestaw \u0142opatek.<\/p>\n","protected":false},"excerpt":{"rendered":"<p>Najbardziej ukochana kierownica powraca z trzeci\u0105 ods\u0142on\u0105. CSX-3 zosta\u0142a zaprojektowana  [&#8230;]<\/p>\n","protected":false},"featured_media":17609,"template":"","meta":[],"product_brand":[],"product_cat":[110],"product_tag":[],"class_list":{"0":"post-17599","1":"product","2":"type-product","3":"status-publish","4":"has-post-thumbnail","6":"product_cat-kierownice","8":"first","9":"instock","10":"taxable","11":"shipping-taxable","12":"purchasable","13":"product-type-variable"},"_links":{"self":[{"href":"https:\/\/apexone.pl\/en\/wp-json\/wp\/v2\/product\/17599"}],"collection":[{"href":"https:\/\/apexone.pl\/en\/wp-json\/wp\/v2\/product"}],"about":[{"href":"https:\/\/apexone.pl\/en\/wp-json\/wp\/v2\/types\/product"}],"wp:featuredmedia":[{"embeddable":true,"href":"https:\/\/apexone.pl\/en\/wp-json\/wp\/v2\/media\/17609"}],"wp:attachment":[{"href":"https:\/\/apexone.pl\/en\/wp-json\/wp\/v2\/media?parent=17599"}],"wp:term":[{"taxonomy":"product_brand","embeddable":true,"href":"https:\/\/apexone.pl\/en\/wp-json\/wp\/v2\/product_brand?post=17599"},{"taxonomy":"product_cat","embeddable":true,"href":"https:\/\/apexone.pl\/en\/wp-json\/wp\/v2\/product_cat?post=17599"},{"taxonomy":"product_tag","embeddable":true,"href":"https:\/\/apexone.pl\/en\/wp-json\/wp\/v2\/product_tag?post=17599"}],"curies":[{"name":"wp","href":"https:\/\/api.w.org\/{rel}","templated":true}]}}