{"id":16737,"date":"2023-12-12T12:41:54","date_gmt":"2023-12-12T10:41:54","guid":{"rendered":"https:\/\/apexone.pl\/?post_type=product&#038;p=16737"},"modified":"2026-04-21T11:35:11","modified_gmt":"2026-04-21T09:35:11","slug":"apex-one-club","status":"publish","type":"product","link":"https:\/\/apexone.pl\/en\/produkt\/apex-one-club\/","title":{"rendered":"APEX ONE CLUB"},"content":{"rendered":"<hr class=\"product-info__separator\" \/>\n<div class=\"product-info__description\">\n<div class=\"prose\">\n<h4>Zapomnij o ograniczeniach czasowych! Po wykupieniu us\u0142ugi Apex One Club zyskujesz nielimitowany dost\u0119p do naszych symulator\u00f3w.<\/h4>\n<h4>Nielimitowane mo\u017cliwo\u015bci!<\/h4>\n<p>Apex One Club to pozycja dla prawdziwych\u00a0entuzjast\u00f3w proponujemy r\u00f3wnie\u017c us\u0142ug\u0119, kt\u00f3ra otwiera przed Tob\u0105 dodatkowe mo\u017cliwo\u015bci. Korzystaj z pierwsze\u0144stwa dost\u0119pu do nowych symulator\u00f3w, ekskluzywnych wydarze\u0144 i specjalnych promocji!<\/p>\n<h4><\/h4>\n<h4>Co zyskujesz b\u0119d\u0105c cz\u0142onkiem Apex One Club?<\/h4>\n<p>a) Korzystanie z ka\u017cdej strefy &#8211; poza Xtreme &#8211; od poniedzia\u0142ku do czwartku (ca\u0142y tydzie\u0144 w pakiecie platinium),<br \/>\nb) Mo\u017cliwo\u015b\u0107 korzystania tylko w momencie gdy nie ma \u017cadnej rezerwacji,<br \/>\nc) Mo\u017cliwo\u015b\u0107 korzystania ze strefy w momencie gdzie s\u0105 wolne minimum dwa symulatory.<\/p>\n<p>Warianty\u00a0<strong>Apex One Club<\/strong><\/p>\n<p>1. Bez zobowi\u0105za\u0144 &#8211; Cena: 399 z\u0142\/mies.<br \/>\n+ rabat na bar 5%<\/p>\n<p>2. Umowa na 6 mies. &#8211;\u00a0 Cena: 349 z\u0142\/mies.<br \/>\n+ rabat na bar 5%,<br \/>\n+ trening indywidualny &#8211; 1h\/mies.<br \/>\n+ rabat 5% na eventy Apex One<\/p>\n<p>3. Umowa na 12 mies. &#8211; Cena: 299 z\u0142\/mies.<br \/>\n+ rabat na bar 5%,<br \/>\n+ trening indywidualny &#8211; 3h\/mies.<br \/>\n+ rabat 10% na eventy Apex One<br \/>\n+ rabat 5% na sklep apexone.shop<\/p>\n<p><strong>Do\u0142\u0105cz do Apex One Club ju\u017c dzi\u015b!<\/strong><\/p>\n<p>Rozpocznij swoj\u0105 nieograniczon\u0105 przygod\u0119 w \u015bwiecie simracingu! Wybierz Apex One Club lub Apex One Club\u00a0 i otw\u00f3rz drzwi do fascynuj\u0105cego \u015bwiata wirtualnej rozrywki. Czekamy na Ciebie!<\/p>\n<\/div>\n<\/div>\n","protected":false},"excerpt":{"rendered":"<div class=\"product-info__description\">\n<div class=\"prose\">\n<h4>Zapomnij o ograniczeniach czasowych! Po wykupieniu us\u0142ugi Apex One Club zyskujesz nielimitowany dost\u0119p do naszych symulator\u00f3w.<\/h4>\n<h4>Nielimitowane mo\u017cliwo\u015bci!<\/h4>\n<p>&nbsp;<\/p>\n<\/div>\n<\/div>\n","protected":false},"featured_media":21938,"template":"","meta":[],"product_brand":[],"product_cat":[102],"product_tag":[],"class_list":{"0":"post-16737","1":"product","2":"type-product","3":"status-publish","4":"has-post-thumbnail","6":"product_cat-vouchery","8":"first","9":"instock","10":"taxable","11":"shipping-taxable","12":"purchasable","13":"product-type-variable"},"_links":{"self":[{"href":"https:\/\/apexone.pl\/en\/wp-json\/wp\/v2\/product\/16737"}],"collection":[{"href":"https:\/\/apexone.pl\/en\/wp-json\/wp\/v2\/product"}],"about":[{"href":"https:\/\/apexone.pl\/en\/wp-json\/wp\/v2\/types\/product"}],"wp:featuredmedia":[{"embeddable":true,"href":"https:\/\/apexone.pl\/en\/wp-json\/wp\/v2\/media\/21938"}],"wp:attachment":[{"href":"https:\/\/apexone.pl\/en\/wp-json\/wp\/v2\/media?parent=16737"}],"wp:term":[{"taxonomy":"product_brand","embeddable":true,"href":"https:\/\/apexone.pl\/en\/wp-json\/wp\/v2\/product_brand?post=16737"},{"taxonomy":"product_cat","embeddable":true,"href":"https:\/\/apexone.pl\/en\/wp-json\/wp\/v2\/product_cat?post=16737"},{"taxonomy":"product_tag","embeddable":true,"href":"https:\/\/apexone.pl\/en\/wp-json\/wp\/v2\/product_tag?post=16737"}],"curies":[{"name":"wp","href":"https:\/\/api.w.org\/{rel}","templated":true}]}}