{"id":16658,"date":"2023-12-05T13:04:10","date_gmt":"2023-12-05T11:04:10","guid":{"rendered":"https:\/\/apexone.pl\/?post_type=product&#038;p=16658"},"modified":"2026-04-21T20:35:56","modified_gmt":"2026-04-21T18:35:56","slug":"voucher-na-strefe-drift","status":"publish","type":"product","link":"https:\/\/apexone.pl\/en\/produkt\/voucher-na-strefe-drift\/","title":{"rendered":"VOUCHER NA STREF\u0118 DRIFT"},"content":{"rendered":"","protected":false},"excerpt":{"rendered":"<p><strong>Strefa Driftu | Apex One<\/strong><\/p>\n<p>Wejd\u017a w \u015bwiat kontrolowanego chaosu i poczuj prawdziwe emocje driftu! Nasza strefa driftu na symulatorach przeniesie Ci\u0119 na legendarnie kr\u0119te trasy, gdzie ka\u017cdy zakr\u0119t to wyzwanie, a ka\u017cda sekunda liczy si\u0119 do perfekcji.<\/p>\n<p>???? <strong>Co Ci\u0119 czeka?<\/strong><br \/>\n\u2699\ufe0f Realistyczna fizyka jazdy<br \/>\n???? Kultowe samochody driftowe<br \/>\n???? Ikoniczne tory z ca\u0142ego \u015bwiata<\/p>\n<p>Zanurz si\u0119 w atmosferze dymu, adrenaliny i precyzji! Gotowy, by panowa\u0107 nad po\u015blizgiem?<\/p>\n","protected":false},"featured_media":21940,"template":"","meta":[],"product_brand":[],"product_cat":[116,102],"product_tag":[],"class_list":{"0":"post-16658","1":"product","2":"type-product","3":"status-publish","4":"has-post-thumbnail","6":"product_cat-strefa-driftu","7":"product_cat-vouchery","9":"first","10":"instock","11":"taxable","12":"shipping-taxable","13":"purchasable","14":"product-type-variable"},"_links":{"self":[{"href":"https:\/\/apexone.pl\/en\/wp-json\/wp\/v2\/product\/16658"}],"collection":[{"href":"https:\/\/apexone.pl\/en\/wp-json\/wp\/v2\/product"}],"about":[{"href":"https:\/\/apexone.pl\/en\/wp-json\/wp\/v2\/types\/product"}],"wp:featuredmedia":[{"embeddable":true,"href":"https:\/\/apexone.pl\/en\/wp-json\/wp\/v2\/media\/21940"}],"wp:attachment":[{"href":"https:\/\/apexone.pl\/en\/wp-json\/wp\/v2\/media?parent=16658"}],"wp:term":[{"taxonomy":"product_brand","embeddable":true,"href":"https:\/\/apexone.pl\/en\/wp-json\/wp\/v2\/product_brand?post=16658"},{"taxonomy":"product_cat","embeddable":true,"href":"https:\/\/apexone.pl\/en\/wp-json\/wp\/v2\/product_cat?post=16658"},{"taxonomy":"product_tag","embeddable":true,"href":"https:\/\/apexone.pl\/en\/wp-json\/wp\/v2\/product_tag?post=16658"}],"curies":[{"name":"wp","href":"https:\/\/api.w.org\/{rel}","templated":true}]}}