{"id":16283,"date":"2023-09-15T13:48:47","date_gmt":"2023-09-15T11:48:47","guid":{"rendered":"https:\/\/apexone.pl\/?post_type=product&#038;p=16283"},"modified":"2026-04-24T18:18:52","modified_gmt":"2026-04-24T16:18:52","slug":"voucher-na-strefe-xtreme","status":"publish","type":"product","link":"https:\/\/apexone.pl\/en\/produkt\/voucher-na-strefe-xtreme\/","title":{"rendered":"VOUCHER NA STREF\u0118 EXTREME"},"content":{"rendered":"","protected":false},"excerpt":{"rendered":"<p><strong>Strefa Rally | Apex One<\/strong><\/p>\n<p>Gotowy na ekstremalne warunki i bezkompromisow\u0105 rywalizacj\u0119? Nasza strefa rally przeniesie Ci\u0119 na najbardziej wymagaj\u0105ce odcinki specjalne, gdzie liczy si\u0119 precyzja, refleks i odwaga. Wskocz za kierownic\u0119 i zmierz si\u0119 z natur\u0105!<\/p>\n<p>???? <strong>Co na Ciebie czeka?<\/strong><br \/>\n\u2699\ufe0f Autentyczna fizyka jazdy w terenie<br \/>\n???? Trasy szutrowe, asfaltowe i \u015bnie\u017cne<br \/>\n????\ufe0f Rajdy z ca\u0142ego \u015bwiata \u2013 od Finlandii po Monte Carlo<br \/>\n\u23f1\ufe0f Walka z czasem i w\u0142asnymi s\u0142abo\u015bciami<\/p>\n<p>Zasi\u0105d\u017a w rajdowym kokpicie, pokonuj zakr\u0119ty z kontrolowanym po\u015blizgiem i poczuj, co to znaczy by\u0107 prawdziwym kierowc\u0105 WRC! ????<\/p>\n","protected":false},"featured_media":21944,"template":"","meta":[],"product_brand":[],"product_cat":[120,102],"product_tag":[],"class_list":{"0":"post-16283","1":"product","2":"type-product","3":"status-publish","4":"has-post-thumbnail","6":"product_cat-strefa-rally","7":"product_cat-vouchery","9":"first","10":"instock","11":"taxable","12":"shipping-taxable","13":"purchasable","14":"product-type-variable"},"_links":{"self":[{"href":"https:\/\/apexone.pl\/en\/wp-json\/wp\/v2\/product\/16283"}],"collection":[{"href":"https:\/\/apexone.pl\/en\/wp-json\/wp\/v2\/product"}],"about":[{"href":"https:\/\/apexone.pl\/en\/wp-json\/wp\/v2\/types\/product"}],"wp:featuredmedia":[{"embeddable":true,"href":"https:\/\/apexone.pl\/en\/wp-json\/wp\/v2\/media\/21944"}],"wp:attachment":[{"href":"https:\/\/apexone.pl\/en\/wp-json\/wp\/v2\/media?parent=16283"}],"wp:term":[{"taxonomy":"product_brand","embeddable":true,"href":"https:\/\/apexone.pl\/en\/wp-json\/wp\/v2\/product_brand?post=16283"},{"taxonomy":"product_cat","embeddable":true,"href":"https:\/\/apexone.pl\/en\/wp-json\/wp\/v2\/product_cat?post=16283"},{"taxonomy":"product_tag","embeddable":true,"href":"https:\/\/apexone.pl\/en\/wp-json\/wp\/v2\/product_tag?post=16283"}],"curies":[{"name":"wp","href":"https:\/\/api.w.org\/{rel}","templated":true}]}}