{"id":16270,"date":"2023-09-15T13:33:05","date_gmt":"2023-09-15T11:33:05","guid":{"rendered":"https:\/\/apexone.pl\/?post_type=product&#038;p=16270"},"modified":"2026-04-29T06:52:32","modified_gmt":"2026-04-29T04:52:32","slug":"strefa-f1","status":"publish","type":"product","link":"https:\/\/apexone.pl\/en\/produkt\/strefa-f1\/","title":{"rendered":"VOUCHER NA STREF\u0118 FORMULA 1"},"content":{"rendered":"","protected":false},"excerpt":{"rendered":"<p><strong>Strefa Formula 1 | Apex One<\/strong><\/p>\n<p>Poczuj si\u0119 jak kierowca Formu\u0142y 1 i wejd\u017a na najwy\u017csze obroty! ???? Nasza strefa Formula 1 to realistyczne symulatory, kt\u00f3re przenios\u0105 Ci\u0119 na najbardziej presti\u017cowe tory \u015bwiata, gdzie ka\u017cdy milisekundowy ruch decyduje o zwyci\u0119stwie.<\/p>\n<p>???? <strong>Co na Ciebie czeka?<\/strong><br \/>\n\u2699\ufe0f Precyzyjna symulacja bolid\u00f3w Formula 1<br \/>\n\u23f1\ufe0f Dynamiczne zmiany warunk\u00f3w torowych<br \/>\n???? Kultowe tory z kalendarza Grand Prix<br \/>\n????\u200d???? Rywalizacja na poziomie profesjonalist\u00f3w<\/p>\n<p>Sprawd\u017a swoje umiej\u0119tno\u015bci, poczuj przyspieszenie do 100 km\/h w 2 sekundy i przekraczaj granice mo\u017cliwo\u015bci!<\/p>\n","protected":false},"featured_media":21946,"template":"","meta":[],"product_brand":[],"product_cat":[119,102],"product_tag":[],"class_list":{"0":"post-16270","1":"product","2":"type-product","3":"status-publish","4":"has-post-thumbnail","6":"product_cat-strefa-formula-1","7":"product_cat-vouchery","9":"first","10":"instock","11":"taxable","12":"shipping-taxable","13":"purchasable","14":"product-type-variable"},"_links":{"self":[{"href":"https:\/\/apexone.pl\/en\/wp-json\/wp\/v2\/product\/16270"}],"collection":[{"href":"https:\/\/apexone.pl\/en\/wp-json\/wp\/v2\/product"}],"about":[{"href":"https:\/\/apexone.pl\/en\/wp-json\/wp\/v2\/types\/product"}],"wp:featuredmedia":[{"embeddable":true,"href":"https:\/\/apexone.pl\/en\/wp-json\/wp\/v2\/media\/21946"}],"wp:attachment":[{"href":"https:\/\/apexone.pl\/en\/wp-json\/wp\/v2\/media?parent=16270"}],"wp:term":[{"taxonomy":"product_brand","embeddable":true,"href":"https:\/\/apexone.pl\/en\/wp-json\/wp\/v2\/product_brand?post=16270"},{"taxonomy":"product_cat","embeddable":true,"href":"https:\/\/apexone.pl\/en\/wp-json\/wp\/v2\/product_cat?post=16270"},{"taxonomy":"product_tag","embeddable":true,"href":"https:\/\/apexone.pl\/en\/wp-json\/wp\/v2\/product_tag?post=16270"}],"curies":[{"name":"wp","href":"https:\/\/api.w.org\/{rel}","templated":true}]}}